{"id":28,"date":"2026-01-16T20:44:00","date_gmt":"2026-01-16T20:44:00","guid":{"rendered":"http:\/\/ov-f32.de\/?page_id=28"},"modified":"2026-02-13T13:57:16","modified_gmt":"2026-02-13T13:57:16","slug":"ov-intern","status":"publish","type":"page","link":"https:\/\/ov-f32.de\/?page_id=28","title":{"rendered":"OV-Intern"},"content":{"rendered":"\n<p class=\"has-text-align-center has-medium-font-size\"><strong>Einladung zur Jahreshauptversammlung 2025\/2026<\/strong><\/p>\n\n\n<div class=\"wp-block-image\">\n<figure class=\"aligncenter size-large\"><a href=\"https:\/\/ov-f32.de\/wp-content\/uploads\/2026\/02\/260118_F32-Einladung_JHV-final.pdf\" target=\"_blank\" rel=\" noreferrer noopener\"><img decoding=\"async\" src=\"https:\/\/ov-f32.de\/wp-content\/uploads\/2026\/02\/260118_F32-Einladung_JHV-final.jpg\" alt=\"\"\/><\/a><\/figure>\n<\/div>\n\n\n<p class=\"has-text-align-center\"><\/p>\n\n\n\n<p class=\"has-text-align-center\"><\/p>\n\n\n\n<p class=\"has-text-align-center\"><br><\/p>\n\n\n\n<p class=\"has-text-align-center\"><strong><em>R\u00fcckblick:<\/em><\/strong><\/p>\n\n\n\n<p>Die <strong>Jahreshauptversammlung<\/strong> des OV-F32 f\u00fcr das Gesch\u00e4ftsjahr 2024\/25 fand am 14.3.2025 statt &#8230;&#8230;.(Fortsetzung folgt)<\/p>\n\n\n\n<p><\/p>\n\n\n\n<figure class=\"wp-block-image size-large is-resized\"><a href=\"https:\/\/public.senfcall.de\/?roomName=OVF32&amp;roomMissing=true\"><img loading=\"lazy\" decoding=\"async\" width=\"800\" height=\"50\" src=\"https:\/\/ov-f32.de\/wp-content\/uploads\/2020\/11\/Senfcall-Button.jpg\" alt=\"\" class=\"wp-image-595\" style=\"width:800px;height:50px\" srcset=\"https:\/\/ov-f32.de\/wp-content\/uploads\/2020\/11\/Senfcall-Button.jpg 800w, https:\/\/ov-f32.de\/wp-content\/uploads\/2020\/11\/Senfcall-Button-300x19.jpg 300w, https:\/\/ov-f32.de\/wp-content\/uploads\/2020\/11\/Senfcall-Button-768x48.jpg 768w\" sizes=\"auto, (max-width: 800px) 100vw, 800px\" \/><\/a><\/figure>\n\n\n\n<p style=\"font-size:18px\">Wichtig !!! Die aktuelle Email-Adresse jedes OV-Mitglieds sollte bei Klaus (DH8FAH) hinterlegt sein, damit seine Mitteilungen auch ankommen. In diesem Zusammenhang sollten auch die Nutzungsbedingungen beim DARC betreffend der DARC-Email best\u00e4tigt werden.<\/p>\n","protected":false},"excerpt":{"rendered":"<p>Einladung zur Jahreshauptversammlung 2025\/2026 R\u00fcckblick: Die Jahreshauptversammlung des OV-F32 f\u00fcr das Gesch\u00e4ftsjahr 2024\/25 fand am 14.3.2025 statt &#8230;&#8230;.(Fortsetzung folgt) Wichtig !!! Die aktuelle Email-Adresse jedes OV-Mitglieds sollte bei Klaus (DH8FAH) hinterlegt sein, damit seine Mitteilungen auch ankommen. In diesem Zusammenhang &hellip; <a href=\"https:\/\/ov-f32.de\/?page_id=28\">Weiterlesen <span class=\"meta-nav\">&rarr;<\/span><\/a><\/p>\n","protected":false},"author":1,"featured_media":0,"parent":0,"menu_order":0,"comment_status":"closed","ping_status":"closed","template":"","meta":{"iawp_total_views":214,"footnotes":""},"class_list":["post-28","page","type-page","status-publish","hentry"],"_links":{"self":[{"href":"https:\/\/ov-f32.de\/index.php?rest_route=\/wp\/v2\/pages\/28","targetHints":{"allow":["GET"]}}],"collection":[{"href":"https:\/\/ov-f32.de\/index.php?rest_route=\/wp\/v2\/pages"}],"about":[{"href":"https:\/\/ov-f32.de\/index.php?rest_route=\/wp\/v2\/types\/page"}],"author":[{"embeddable":true,"href":"https:\/\/ov-f32.de\/index.php?rest_route=\/wp\/v2\/users\/1"}],"replies":[{"embeddable":true,"href":"https:\/\/ov-f32.de\/index.php?rest_route=%2Fwp%2Fv2%2Fcomments&post=28"}],"version-history":[{"count":97,"href":"https:\/\/ov-f32.de\/index.php?rest_route=\/wp\/v2\/pages\/28\/revisions"}],"predecessor-version":[{"id":2235,"href":"https:\/\/ov-f32.de\/index.php?rest_route=\/wp\/v2\/pages\/28\/revisions\/2235"}],"wp:attachment":[{"href":"https:\/\/ov-f32.de\/index.php?rest_route=%2Fwp%2Fv2%2Fmedia&parent=28"}],"curies":[{"name":"wp","href":"https:\/\/api.w.org\/{rel}","templated":true}]}}