{"id":34,"date":"2022-07-16T18:33:00","date_gmt":"2022-07-16T18:33:00","guid":{"rendered":"http:\/\/ov-f32.de\/?page_id=34"},"modified":"2025-05-11T14:47:26","modified_gmt":"2025-05-11T14:47:26","slug":"dmr-relais-db0rof","status":"publish","type":"page","link":"https:\/\/ov-f32.de\/?page_id=34","title":{"rendered":"DMR-Relais DB0ROF"},"content":{"rendered":"<div class=\"wp-block-image\">\n<figure class=\"alignright is-resized\"><a href=\"https:\/\/ov-f32.de\/wp-content\/uploads\/2020\/02\/DB0ROF-2012.jpg\"><img decoding=\"async\" src=\"http:\/\/ov-f32.de\/wp-content\/uploads\/2020\/02\/DB0ROF-2012.jpg\" alt=\"\" class=\"wp-image-186\" style=\"width:280px;height:280px\"\/><\/a><\/figure>\n<\/div>\n\n\n<p class=\"has-text-align-left has-medium-font-size\">Vorgeschichte: Das Rufzeichen <strong>DB0ROF<\/strong> war seit <em>Juli 1995<\/em> als <span style=\"display: inline !important; float: none; background-color: #ffffff; color: #191e23; font-size: inherit; font-style: normal; font-variant: normal; font-weight: 400; letter-spacing: normal; line-height: 1.8; orphans: 2; text-align: left; text-decoration: none; text-indent: 0px; text-transform: none; -webkit-text-stroke-width: 0px; white-space: pre-wrap; word-spacing: 0px;\"> <em>Packet-Digital-Repeater<\/em> in Betrieb<\/span>.<br><span style=\"display: inline !important; float: none; background-color: #ffffff; color: #191e23; font-size: inherit; font-style: normal; font-variant: normal; font-weight: 400; letter-spacing: normal; line-height: 1.8; orphans: 2; text-align: left; text-decoration: none; text-indent: 0px; text-transform: none; -webkit-text-stroke-width: 0px; white-space: pre-wrap; word-spacing: 0px;\">Im Februar 2016 wurde der &#8222;Packet-Radio-Repeater&#8220; nach \u00fcber 20 Jahren abgeschaltet, weil die Frequentierung gegen &#8222;Null&#8220; ging und die Lizenz daher nicht mehr vom OV-F32 verl\u00e4ngert wurde.<\/span><\/p>\n\n\n<div class=\"wp-block-image is-style-default\">\n<figure class=\"alignleft size-large is-resized\"><a href=\"https:\/\/ov-f32.de\/wp-content\/uploads\/2022\/08\/DB0ROF-02.jpg\"><img loading=\"lazy\" decoding=\"async\" width=\"260\" height=\"195\" src=\"https:\/\/ov-f32.de\/wp-content\/uploads\/2020\/02\/DSC05911.jpg\" alt=\"\" class=\"wp-image-258\" style=\"width:284px;height:210px\"\/><\/a><figcaption class=\"wp-element-caption\">Foto der Inbetriebnahme von Rechts nach Links &#8211; OVV Klaus W. (DH8FAH), Sysop Bert B. (DD5XL) Niklas (Sohn von Bert)<\/figcaption><\/figure>\n<\/div>\n\n\n<p class=\"has-text-align-left has-medium-font-size\">Das Rufzeichen <strong>DB0ROF<\/strong> ist wieder &#8222;in der Luft&#8220;. Die Lizenz f\u00fcr den DMR-Repeater DB0ROF ist durch die Bundesnetzagentur erteilt worden! Eine Wiederbelebung des Standorts in der neuen Funktion als DMR-Repeater DB0ROF ist nun erfolgt. Seit Anfang 2018 ist der Digital-Repeater am Standort Bebra-Imshausen (Locator = JO41WA) im Betrieb. Der Repeater ist im &#8222;Brandmeister&#8220;- Netz unter der ID = 262632 eingebunden und auf der Frequenz 438,900 MHz (TX) \/ 431,300MHz (RX) zu erreichen. Reichweitenversuche mit DMR-Ger\u00e4ten seitens einer Nutzergruppe des OV-F32 haben bereits gute Erfolge gezeigt. Die technische Modifikation von Sysop Bert B. (DD5XL) hat die Frequenzinstabilit\u00e4t , die w\u00e4hrend der kalten Wintertage zeitweise auftrat, erfolgreich beseitigt.<br><strong>Info vom 16.Juni 2021:<\/strong>  Das sehr &#8222;warme&#8220; Wetter und die nachlassende Wirkung der W\u00e4rmeleitpaste haben das Endstufenmodul des TX zerst\u00f6rt. Der Digipeater arbeitete daher in den letzten Tagen nur noch mit 20 mW Treiberleistung. Sysop Bert (DD5XL) hat mittlerweile die Endstufe repariert, so das DB0ROF wieder mit 8 W Sendeleistung arbeitet. Eine Verbesserung der K\u00fchlleistung durch einen anderen K\u00fchlk\u00f6rper und ein neuer Blitzschutz soll das Ganze verbessern. <\/p>\n\n\n\n<h2 class=\"wp-block-heading\">Es gibt etwas Neues bei <strong>DB0ROF<\/strong> seit dem <strong>9.Juli 2022<\/strong><\/h2>\n\n\n<div class=\"wp-block-image\">\n<figure class=\"alignleft size-thumbnail is-resized\"><a href=\"https:\/\/ov-f32.de\/wp-content\/uploads\/2022\/08\/DB0ROF-09.jpg\"><img loading=\"lazy\" decoding=\"async\" width=\"150\" height=\"150\" src=\"https:\/\/ov-f32.de\/wp-content\/uploads\/2022\/08\/DB0ROF-09-150x150.jpg\" alt=\"\" class=\"wp-image-1235\" style=\"width:281px;height:auto\" srcset=\"https:\/\/ov-f32.de\/wp-content\/uploads\/2022\/08\/DB0ROF-09-150x150.jpg 150w, https:\/\/ov-f32.de\/wp-content\/uploads\/2022\/08\/DB0ROF-09-300x300.jpg 300w\" sizes=\"auto, (max-width: 150px) 100vw, 150px\" \/><\/a><figcaption class=\"wp-element-caption\">DB0ROF mit Solarpanel<\/figcaption><\/figure>\n<\/div>\n\n<div class=\"wp-block-image\">\n<figure class=\"alignright size-thumbnail is-resized\"><a href=\"https:\/\/ov-f32.de\/wp-content\/uploads\/2022\/08\/DB0ROF-07.jpg\"><img loading=\"lazy\" decoding=\"async\" width=\"150\" height=\"150\" src=\"https:\/\/ov-f32.de\/wp-content\/uploads\/2022\/08\/DB0ROF-07-150x150.jpg\" alt=\"\" class=\"wp-image-1233\" style=\"width:281px;height:auto\" srcset=\"https:\/\/ov-f32.de\/wp-content\/uploads\/2022\/08\/DB0ROF-07-150x150.jpg 150w, https:\/\/ov-f32.de\/wp-content\/uploads\/2022\/08\/DB0ROF-07-300x300.jpg 300w\" sizes=\"auto, (max-width: 150px) 100vw, 150px\" \/><\/a><figcaption class=\"wp-element-caption\">Fertig! Der Repeater l\u00e4uft<\/figcaption><\/figure>\n<\/div>\n\n\n<p><\/p>\n\n\n\n<p class=\"has-medium-font-size\">Der DMR-Repeater DB0ROF hat jetzt eine Solar-Stromversorgung. Sysop Bert (DD5XL) hat wieder mal &#8222;gezaubert&#8220; und hat die Sonne &#8222;angezapft&#8220;. Bis auf die Internetanbindung wird der Repeater von einem 65 Ah &#8211; Akku versorgt, der durch ein Solarpanel mit 50 Wp-Leistung mit Hilfe eines MPPT-Reglers geladen wird.<\/p>\n\n\n<div class=\"wp-block-image\">\n<figure class=\"alignright size-thumbnail is-resized\"><a href=\"https:\/\/ov-f32.de\/wp-content\/uploads\/2022\/08\/DB0ROF-05.jpg\"><img loading=\"lazy\" decoding=\"async\" width=\"150\" height=\"150\" src=\"https:\/\/ov-f32.de\/wp-content\/uploads\/2022\/08\/DB0ROF-05-150x150.jpg\" alt=\"\" class=\"wp-image-1236\" style=\"width:245px;height:auto\" srcset=\"https:\/\/ov-f32.de\/wp-content\/uploads\/2022\/08\/DB0ROF-05-150x150.jpg 150w, https:\/\/ov-f32.de\/wp-content\/uploads\/2022\/08\/DB0ROF-05-300x300.jpg 300w\" sizes=\"auto, (max-width: 150px) 100vw, 150px\" \/><\/a><figcaption class=\"wp-element-caption\">Die Technik von DB0ROF<\/figcaption><\/figure>\n<\/div>\n\n\n<p class=\"has-medium-font-size\">Seit <strong>August 2022<\/strong> arbeitet die Solarstromversorgung nun problemlos. Sysop Bert (DD5XL) hat inzwischen die Solarpanelkapazit\u00e4t verdoppelt und einen Blei-Gel-Akku eingesetzt, sowie auch die Internetanbindung an die Batterie angeschlossen. Seit Februar 2023 hat DD5XL die Steuerung erweitert, soda\u00df die Repeater-Stromversorgung automatisch die Stromquelle je nach Verf\u00fcgbarkeit wechselt. Vorrangig auf Solarakku-Betrieb und bei Unterschreitung der Akkukapazit\u00e4t auf Netzbetrieb. Einzig in den sonnenarmen Monaten wird dies vorkommen. <\/p>\n\n\n\n<p><\/p>\n\n\n\n<p><\/p>\n\n\n\n<p><\/p>\n\n\n\n<p><\/p>\n\n\n\n<p class=\"has-text-align-left has-medium-font-size\">Eine Verbesserung der Stromversorgung erfolgte am <strong>10.Mai 2025<\/strong>. Ein zus\u00e4tzlicher Windgenerator wird zuk\u00fcnftig die Stromversorgung erg\u00e4nzen. (Berichte folgen)<\/p>\n\n\n\n<p><\/p>\n\n\n\n<p class=\"has-text-align-left has-medium-font-size\"><\/p>\n\n\n\n<p><br><\/p>\n\n\n\n<div class=\"wp-block-button is-style-outline is-style-outline--1\"><a class=\"wp-block-button__link has-very-dark-gray-color has-very-light-gray-background-color has-text-color has-background wp-element-button\" href=\"https:\/\/brandmeister.network\/?page=repeater&amp;id=262632\" target=\"_blank\" rel=\"noreferrer noopener\">Link DB0ROF<\/a><\/div>\n\n\n\n<p><\/p>\n","protected":false},"excerpt":{"rendered":"<p>Vorgeschichte: Das Rufzeichen DB0ROF war seit Juli 1995 als Packet-Digital-Repeater in Betrieb.Im Februar 2016 wurde der &#8222;Packet-Radio-Repeater&#8220; nach \u00fcber 20 Jahren abgeschaltet, weil die Frequentierung gegen &#8222;Null&#8220; ging und die Lizenz daher nicht mehr vom OV-F32 verl\u00e4ngert wurde. Das Rufzeichen &hellip; <a href=\"https:\/\/ov-f32.de\/?page_id=34\">Weiterlesen <span class=\"meta-nav\">&rarr;<\/span><\/a><\/p>\n","protected":false},"author":1,"featured_media":0,"parent":0,"menu_order":0,"comment_status":"closed","ping_status":"closed","template":"","meta":{"iawp_total_views":251,"footnotes":""},"class_list":["post-34","page","type-page","status-publish","hentry"],"_links":{"self":[{"href":"https:\/\/ov-f32.de\/index.php?rest_route=\/wp\/v2\/pages\/34","targetHints":{"allow":["GET"]}}],"collection":[{"href":"https:\/\/ov-f32.de\/index.php?rest_route=\/wp\/v2\/pages"}],"about":[{"href":"https:\/\/ov-f32.de\/index.php?rest_route=\/wp\/v2\/types\/page"}],"author":[{"embeddable":true,"href":"https:\/\/ov-f32.de\/index.php?rest_route=\/wp\/v2\/users\/1"}],"replies":[{"embeddable":true,"href":"https:\/\/ov-f32.de\/index.php?rest_route=%2Fwp%2Fv2%2Fcomments&post=34"}],"version-history":[{"count":207,"href":"https:\/\/ov-f32.de\/index.php?rest_route=\/wp\/v2\/pages\/34\/revisions"}],"predecessor-version":[{"id":2063,"href":"https:\/\/ov-f32.de\/index.php?rest_route=\/wp\/v2\/pages\/34\/revisions\/2063"}],"wp:attachment":[{"href":"https:\/\/ov-f32.de\/index.php?rest_route=%2Fwp%2Fv2%2Fmedia&parent=34"}],"curies":[{"name":"wp","href":"https:\/\/api.w.org\/{rel}","templated":true}]}}