{"id":44,"date":"2026-03-01T12:17:06","date_gmt":"2026-03-01T12:17:06","guid":{"rendered":"http:\/\/ov-f32.de\/?page_id=44"},"modified":"2026-04-10T12:13:32","modified_gmt":"2026-04-10T12:13:32","slug":"termine","status":"publish","type":"page","link":"https:\/\/ov-f32.de\/?page_id=44","title":{"rendered":"Termine"},"content":{"rendered":"\n<p class=\"has-blue-color has-text-color has-link-color has-medium-font-size wp-elements-d0466c4786557164ba88284d0461b8b7\"><strong>Der Mai-OV-Abend ist am 14.Mai 2026 um 19:30 Uhr im Vereinslokal &#8222;Breitenbacher Hof&#8220; in Bebra-Breitenbach.<\/strong><\/p>\n\n\n\n<p class=\"has-small-font-size\">Der Monats-OV-Abend im April war wie immer am 2. Donnerstag des Monats am 9.April 2026 um 19:30 Uhr im Vereinslokal &#8222;Breitenbacher Hof&#8220; in Bebra-Breitenbach.Anwesend waren 7 Mitglieder. ***<br>**** Der Monats-OV-Abend im M\u00e4rz war wie immer am 2. Donnerstag des Monats am 12.M\u00e4rz 2026 um 19:30 Uhr im Vereinslokal &#8222;Breitenbacher Hof&#8220; in Bebra-Breitenbach.Anwesend waren 13 Mitglieder und G\u00e4ste. **** <br>*** Im Februar fand der Monats-OV-Abend zusammen mit der Jahreshauptversammlung 25\/26 mit Neuwahlen zum Vorstand des OV-F32 am 26.Februar 2026 um 20:00 Uhr statt. Das Treffen war wieder im Vereinslokal &#8222;Breitenbacher Hof&#8220; . *** Das erste Monats-OV-Treffen in 2026 war diesmal am 15.Januar 2026 in unserer Clubgastst\u00e4tte &#8222;Breitenbacher Hof in Bebra-Breitenbach ab 19:30 Uhr. Anwesend waren 12 Mitglieder und G\u00e4ste<\/p>\n\n\n\n<p class=\"has-black-color has-text-color has-link-color has-small-font-size wp-elements-9da8479cfc5ec6bd5f7b1bad19602102\">Das Monats-OV-Treffen Dezember war auch gleichzeitig das Jahresabschlusstreffen 2025 in unserer Clubgastst\u00e4tte &#8222;Breitenbacher Hof in Bebra-Breitenbach am 11.Dezember 2025. Anwesend waren 13 YL\u00b4s und OM\u00b4s.<\/p>\n\n\n\n<p class=\"has-small-font-size\">Im September nahm die Contest-Gruppe des OV-F32 wieder am IARU-Fieldday-Contest am 6.und 7. September auf den Kurzwellenb\u00e4ndern teil. Das Ganze war wieder auf dem Fielddayplatz bei Bebra-Braunhausen.<\/p>\n\n\n\n<p class=\"has-small-font-size\"><\/p>\n\n\n\n<p class=\"has-text-align-center\">*******<\/p>\n\n\n\n<p class=\"has-text-align-center has-medium-font-size\"><strong>Jahreskalender 2026 <\/strong><br>Auf das Bild klicken &#8211; f\u00fcr gr\u00f6\u00dfere Ansicht des Kalenders <br>(akt. Stand 01.02.2026).<\/p>\n\n\n\n<p><\/p>\n\n\n\n<blockquote class=\"wp-block-quote has-text-align-center is-layout-flow wp-block-quote-is-layout-flow\"><div class=\"wp-block-image is-resized\">\n<figure class=\"aligncenter size-full\"><a href=\"https:\/\/ov-f32.de\/wp-content\/uploads\/2026\/02\/F32_Termine-Kal-2026_a.pdf\"><img loading=\"lazy\" decoding=\"async\" width=\"640\" height=\"480\" src=\"https:\/\/ov-f32.de\/wp-content\/uploads\/2025\/11\/251123_Kalender-F32-2026.jpg\" alt=\"\" class=\"wp-image-2135\" style=\"width:214px;height:auto\" srcset=\"https:\/\/ov-f32.de\/wp-content\/uploads\/2025\/11\/251123_Kalender-F32-2026.jpg 640w, https:\/\/ov-f32.de\/wp-content\/uploads\/2025\/11\/251123_Kalender-F32-2026-300x225.jpg 300w\" sizes=\"auto, (max-width: 640px) 100vw, 640px\" \/><\/a><\/figure>\n<\/div>\n\n\n<p><\/p>\n<cite><a rel=\"noreferrer noopener\" href=\"https:\/\/ov-f32.de\/wp-content\/uploads\/2022\/01\/OV-F32_220122_Kal-22.pdf\" target=\"_blank\"><img decoding=\"async\" class=\"wp-image-650\" style=\"width: 150px;\" src=\"https:\/\/ov-f32.de\/wp-content\/uploads\/2020\/12\/F32-Jahreskalender-2021-i.jpg\" alt=\"\"><\/a><\/cite><\/blockquote>\n\n\n\n<p class=\"has-medium-font-size\"><br>(Eventuelle \u00c4nderungen werden hier auf der Webseite mitgeteilt)<\/p>\n\n\n\n<p class=\"has-small-font-size\"><br>***************************************************************************************<\/p>\n\n\n\n<p><\/p>\n\n\n\n<p class=\"has-small-font-size\"><\/p>\n\n\n\n<p class=\"has-small-font-size\"><br><br><em>Die <\/em><strong><em>Jahreshauptversammlung <\/em><\/strong><em>f\u00fcr das <\/em><strong><em>Vereinsjahr 2024\/25 <\/em><\/strong><em>und auch <\/em><strong><em>Monatsversammlung M\u00e4rz f<\/em><\/strong><em>and am Donnerstag, den 13.M\u00e4rz 2025 um 19:30 Uhr <\/em>in unserer Clubgastst\u00e4tte &#8222;Breitenbacher Hof in Bebra-Breitenbach statt. Anwesend waren 14 vo 29 Mitgliedern des Ortsverbandes.<\/p>\n\n\n\n<p class=\"has-small-font-size\"><br><\/p>\n\n\n\n<p class=\"has-text-align-center\"><\/p>\n\n\n\n<p><\/p>\n\n\n\n<h2 class=\"wp-block-heading\" id=\"ov-treffen-in-2022\"><\/h2>\n\n\n\n<p><\/p>\n\n\n\n<p class=\"has-medium-font-size\"><\/p>\n\n\n\n<p class=\"has-text-align-left has-medium-font-size\"><\/p>\n\n\n\n<p class=\"has-text-align-left has-medium-font-size\"><br><\/p>\n\n\n\n<p class=\"has-text-align-center\"><\/p>\n\n\n\n<p class=\"has-text-align-center has-medium-font-size\"><br><\/p>\n\n\n\n<p><\/p>\n","protected":false},"excerpt":{"rendered":"<p>Der Mai-OV-Abend ist am 14.Mai 2026 um 19:30 Uhr im Vereinslokal &#8222;Breitenbacher Hof&#8220; in Bebra-Breitenbach. Der Monats-OV-Abend im April war wie immer am 2. Donnerstag des Monats am 9.April 2026 um 19:30 Uhr im Vereinslokal &#8222;Breitenbacher Hof&#8220; in Bebra-Breitenbach.Anwesend waren &hellip; <a href=\"https:\/\/ov-f32.de\/?page_id=44\">Weiterlesen <span class=\"meta-nav\">&rarr;<\/span><\/a><\/p>\n","protected":false},"author":1,"featured_media":0,"parent":219,"menu_order":0,"comment_status":"closed","ping_status":"closed","template":"","meta":{"iawp_total_views":482,"footnotes":""},"class_list":["post-44","page","type-page","status-publish","hentry"],"_links":{"self":[{"href":"https:\/\/ov-f32.de\/index.php?rest_route=\/wp\/v2\/pages\/44","targetHints":{"allow":["GET"]}}],"collection":[{"href":"https:\/\/ov-f32.de\/index.php?rest_route=\/wp\/v2\/pages"}],"about":[{"href":"https:\/\/ov-f32.de\/index.php?rest_route=\/wp\/v2\/types\/page"}],"author":[{"embeddable":true,"href":"https:\/\/ov-f32.de\/index.php?rest_route=\/wp\/v2\/users\/1"}],"replies":[{"embeddable":true,"href":"https:\/\/ov-f32.de\/index.php?rest_route=%2Fwp%2Fv2%2Fcomments&post=44"}],"version-history":[{"count":240,"href":"https:\/\/ov-f32.de\/index.php?rest_route=\/wp\/v2\/pages\/44\/revisions"}],"predecessor-version":[{"id":2268,"href":"https:\/\/ov-f32.de\/index.php?rest_route=\/wp\/v2\/pages\/44\/revisions\/2268"}],"up":[{"embeddable":true,"href":"https:\/\/ov-f32.de\/index.php?rest_route=\/wp\/v2\/pages\/219"}],"wp:attachment":[{"href":"https:\/\/ov-f32.de\/index.php?rest_route=%2Fwp%2Fv2%2Fmedia&parent=44"}],"curies":[{"name":"wp","href":"https:\/\/api.w.org\/{rel}","templated":true}]}}