{"id":712,"date":"2021-01-25T18:01:00","date_gmt":"2021-01-25T18:01:00","guid":{"rendered":"https:\/\/ov-f32.de\/?page_id=712"},"modified":"2025-08-06T20:31:31","modified_gmt":"2025-08-06T20:31:31","slug":"in-memoriam","status":"publish","type":"page","link":"https:\/\/ov-f32.de\/?page_id=712","title":{"rendered":"In Memoriam"},"content":{"rendered":"\n<p>Der Deutsche-Amateur-Radio-Club (DARC) mit dem Ortsverband Hersfeld-Rotenburg &#8211; F32 &#8211; trauert um seinen Funkfreund &#8211; OM Klaus &#8211; DK7ZI.<br>Klaus W\u00fcrzner war seit dem 1.Mai 1973 Mitglied im DARC-Ortsverband F32 und war sehr aktiv. Anfangs als stellvertretender Vorsitzender (ab 1975), von 1977 bis 1983 als Ortsverbandsvorsitzender, lenkte er die Geschicke des Vereins. Im Jahr 2023 wurde er mit der Goldenen Ehrennadel des DARC f\u00fcr 5o-j\u00e4hrige Vereinszugeh\u00f6rigkeit ausgezeichnet.<br>Trotz ein wenig ge\u00e4nderter Priorit\u00e4ten und zuletzt schwerer Krankheit war Klaus (DK7ZI) noch bis vor einiger Zeit immer wieder aktiv und nahm am liebsten an den sonnt\u00e4glichen Kurzwellen-Runden teil.<br>Am <strong><em>15. Juli 2025<\/em><\/strong> hat er sein Mikrofon mit 88 Lebensjahren f\u00fcr immer aus der Hand gelegt.<br>Wir werden ihn im \u00c4ther sehr vermissen.<br><br>f\u00fcr den OV-F32 &#8211; Wenno  (DK2FR)   &#8211; im August 2025<br><br><\/p>\n\n\n\n<p><\/p>\n\n\n\n<p class=\"has-text-align-center\">**********<\/p>\n\n\n\n<p><\/p>\n\n\n\n<p><\/p>\n\n\n\n<p><br>Rosel und Helmut Dach sagen:<br><br>Das sch\u00f6nste Denkmal das ein Mensch bekommen kann, steht in den Herzen seiner Mitmenschen.<br>(Albert Schweizer)<\/p>\n\n\n\n<p>Am Sternenhimmel vom Ortsverband Hersfeld-Rotenburg, F32 ist ein leuchtender Stern erloschen. Wir trauern um unser Vorstandsmitglied Elke Riemenschneider, DB4ZY, die nach schwerer Krankheit, jedoch unerwartet und pl\u00f6tzlich im Alter von 70 Jahren am <em>4. Aug. 2024<\/em> verstorben ist.<br>Nach erfolgreichem Abschluss eines Seminars zur Lizenzerwerbung vom Ortsverband F32 und die Motivation durch ihren OM Horst, DL8FBT ist Elke am 01. Jan. 1984 dem DARC beigetreten und aktiv geworden. Nur kurze Zeit sp\u00e4ter wurde sie zur QSL-Managerin gew\u00e4hlt und hat das Amt bis zum Ableben begleitet. Besonders beliebt waren ihre QSL-Statistiken f\u00fcr jedes OV-Mitglied am Jahresende. Ihre guten und ideenreichen Vorschl\u00e4ge im Vorstand wurden gerne akzeptiert und angenommen. Es kam aber auch vor, dass sie kein Blatt vor den Mund genommen hat, anderen die ehrliche Meinung zu sagen.<br>Die Wiederwahl bei Vorstandswahlen best\u00e4tigen Ihr engagiertes Verhalten. Sie stand immer mit an erster Stelle bei allen Aktivit\u00e4ten des Ortsverbandes.<br>In diesem Jahr wurde Ihr die DARC-EHRENNADEL in Anerkennung f\u00fcr 40 Jahre Mitgliedschaft verliehen.<br>Wir werden sie stets in guter Erinnerung behalten.<\/p>\n\n\n\n<p>Rosel, DL2FCA und Helmut, DL8FBZ    &#8211; im August 2024<\/p>\n\n\n\n<p class=\"has-text-align-center\"><\/p>\n\n\n\n<p class=\"has-text-align-center\">**********<\/p>\n\n\n\n<p>Nachruf:<\/p>\n\n\n\n<p>OM Ernst-Georg Winkelhardt, DJ3GU, verstarb 88-j\u00e4hrig nach langer schwerer Krankheit am 05.Oktober 2021. Die Beisetzung fand im Kreise seiner Familie am 12.Oktober auf dem Friedhof Sorga statt. Als ehemaliger OVV des OV Hersfeld\/Stadt F69 habe ich einen Nachruf verfa\u00dft und an die Redaktion des cqDL \u00fcbersandt. Ernst, wie ihn viele kannten, war Mitglied im DARC seit 1955 und sp\u00e4ter auch in unserem OV, bis er um 1984 in den OV F69 wechselte. Viele Relaisfunkstellen im Kreis gehen auf sein Mitwirken zur\u00fcck, ebenso wie seinerzeit die Implementierung von Packet-Radio, wo er besonders bei den j\u00fcngeren unter uns Mitstreiter fand. Ernst hat sich um die Sache Amateurfunk verdient gemacht. <br>Wir werden ihn in einem ehrenden Andenken behalten.<br>Norbert, DK1FD<\/p>\n\n\n\n<p class=\"has-text-align-center\"><em>**********<\/em><\/p>\n\n\n\n<p style=\"font-size:17px\">Wir denken an unser langj\u00e4hriges Mitglied im DARC-OV-F32, <strong>SWL Thomas Moehl<\/strong>, zuletzt wohnhaft in Klosterlechfeld. SWL Thomas Moehl ist am 14.Januar 2021 im Alter von 78 Jahren verstorben, wenige Tage vor seinem 79. Geburtstag. Er war seit dem 1. April 1958 Mitglied im DARC.<\/p>\n","protected":false},"excerpt":{"rendered":"<p>Der Deutsche-Amateur-Radio-Club (DARC) mit dem Ortsverband Hersfeld-Rotenburg &#8211; F32 &#8211; trauert um seinen Funkfreund &#8211; OM Klaus &#8211; DK7ZI.Klaus W\u00fcrzner war seit dem 1.Mai 1973 Mitglied im DARC-Ortsverband F32 und war sehr aktiv. Anfangs als stellvertretender Vorsitzender (ab 1975), von &hellip; <a href=\"https:\/\/ov-f32.de\/?page_id=712\">Weiterlesen <span class=\"meta-nav\">&rarr;<\/span><\/a><\/p>\n","protected":false},"author":1,"featured_media":0,"parent":0,"menu_order":0,"comment_status":"closed","ping_status":"closed","template":"","meta":{"iawp_total_views":230,"footnotes":""},"class_list":["post-712","page","type-page","status-publish","hentry"],"_links":{"self":[{"href":"https:\/\/ov-f32.de\/index.php?rest_route=\/wp\/v2\/pages\/712","targetHints":{"allow":["GET"]}}],"collection":[{"href":"https:\/\/ov-f32.de\/index.php?rest_route=\/wp\/v2\/pages"}],"about":[{"href":"https:\/\/ov-f32.de\/index.php?rest_route=\/wp\/v2\/types\/page"}],"author":[{"embeddable":true,"href":"https:\/\/ov-f32.de\/index.php?rest_route=\/wp\/v2\/users\/1"}],"replies":[{"embeddable":true,"href":"https:\/\/ov-f32.de\/index.php?rest_route=%2Fwp%2Fv2%2Fcomments&post=712"}],"version-history":[{"count":16,"href":"https:\/\/ov-f32.de\/index.php?rest_route=\/wp\/v2\/pages\/712\/revisions"}],"predecessor-version":[{"id":2102,"href":"https:\/\/ov-f32.de\/index.php?rest_route=\/wp\/v2\/pages\/712\/revisions\/2102"}],"wp:attachment":[{"href":"https:\/\/ov-f32.de\/index.php?rest_route=%2Fwp%2Fv2%2Fmedia&parent=712"}],"curies":[{"name":"wp","href":"https:\/\/api.w.org\/{rel}","templated":true}]}}