{"id":84,"date":"2020-01-16T19:15:11","date_gmt":"2020-01-16T19:15:11","guid":{"rendered":"http:\/\/ov-f32.de\/?page_id=84"},"modified":"2020-01-17T18:40:08","modified_gmt":"2020-01-17T18:40:08","slug":"datenschutzerklaerung","status":"publish","type":"page","link":"https:\/\/ov-f32.de\/?page_id=84","title":{"rendered":"Datenschutzerkl\u00e4rung"},"content":{"rendered":"\n<figure class=\"wp-block-table\"><table class=\"\"><tbody><tr><td><strong>Grundlegendes        <br><\/strong>Diese Datenschutzerkl\u00e4rung soll die Nutzer dieser Website  \u00fcber die Art, den Umfang und den Zweck der Erhebung und Verwendung  personenbezogener Daten durch den Websitebetreiber OV-F32 (Kontakt:  DL8FBT(ett)OV-F32.de) informieren. Der Websitebetreiber nimmt Ihren Datenschutz sehr ernst und  behandelt Ihre personenbezogenen Daten vertraulich und entsprechend der  gesetzlichen Vorschriften. Da durch neue Technologien und die st\u00e4ndige  Weiterentwicklung dieser Webseite \u00c4nderungen an dieser  Datenschutzerkl\u00e4rung vorgenommen werden k\u00f6nnen, empfehlen wir Ihnen sich  die Datenschutzerkl\u00e4rung in regelm\u00e4\u00dfigen Abst\u00e4nden wieder durchzulesen.  Definitionen der verwendeten Begriffe (z.B. \u201cpersonenbezogene Daten\u201d oder \u201cVerarbeitung\u201d) finden Sie in Art. 4 DSGVO.<br> <strong>Zugriffsdaten<\/strong><br>Bei der blo\u00df informatorischen Nutzung unserer Website, also wenn  Sie sich nicht registrieren oder uns anderweitig Informationen  \u00fcbermitteln, erheben wir nur solche Daten, die Ihr Browser an unseren  Server \u00fcbermittelt (sog. \u201eServer-Logfiles\u201c). Wenn Sie unsere Website  aufrufen, erheben wir die folgenden Daten, die f\u00fcr uns technisch  erforderlich sind, um Ihnen die Website anzuzeigen:<br>         \u2022 Unsere besuchte Website<br>         \u2022 Datum und Uhrzeit zum Zeitpunkt des Zugriffes<br>         \u2022 Menge der gesendeten Daten in Byte<br>         \u2022 Quelle\/Verweis, von welchem Sie auf die Seite gelangten<br>         \u2022 Verwendeter Browser<br>         \u2022 Verwendetes Betriebssystem<br>         \u2022 Verwendete IP-Adresse <br>Die Verarbeitung erfolgt gem\u00e4\u00df Art. 6 Abs. 1 lit. f DSGVO auf  Basis unseres berechtigten Interesses an der Verbesserung der Stabilit\u00e4t  und Funktionalit\u00e4t unserer Website. Eine Weitergabe oder anderweitige  Verwendung der Daten findet nicht statt. Wir behalten uns allerdings  vor, die Server-Logfiles nachtr\u00e4glich zu \u00fcberpr\u00fcfen, sollten konkrete  Anhaltspunkte auf eine rechtswidrige Nutzung hinweisen.<br><strong>Reichweitenmessung &amp; Cookies<\/strong><br>Diese Website verwendet derzeit keine Reichweitenmessung und keine Cookies.<br><strong>Erfassung und Verarbeitung personenbezogener Daten<br><\/strong>Der Websitebetreiber erhebt, nutzt personenbezogenen  Daten nur dann weiter, wenn dies im gesetzlichen Rahmen erlaubt ist oder  Sie in die Datenerhebung einwilligen. Als personenbezogene Daten gelten s\u00e4mtliche Informationen,  welche dazu dienen, Ihre Person zu bestimmen und welche zu Ihnen  zur\u00fcckverfolgt werden k\u00f6nnen \u2013 also beispielsweise Ihr Name, Ihre  E-Mail-Adresse und Telefonnummer. Diese Website k\u00f6nnen Sie auch besuchen, ohne Angaben zu Ihrer Person zu machen. <br><strong>Umgang mit Kontaktdaten<\/strong><br>Nehmen Sie mit uns als Websitebetreiber durch die angebotenen  Kontaktm\u00f6glichkeiten Verbindung auf, werden Ihre Angaben gespeichert,  damit auf diese zur Bearbeitung und Beantwortung Ihrer Anfrage  zur\u00fcckgegriffen werden kann. Ohne Ihre Einwilligung werden diese Daten  nicht an Dritte weitergegeben.<br><strong>Umgang mit Kommentaren und Beitr\u00e4gen<\/strong><br>Hinterlassen Sie auf dieser Website einen Beitrag oder Kommentar, wird Ihre IP-Adresse gespeichert. Dies erfolgt aufgrund  unserer berechtigten Interessen im Sinne des Art. 6 Abs. 1 lit. f. DSGVO  und dient der Sicherheit von uns als Websitebetreiber: Denn sollte Ihr  Kommentar gegen geltendes Recht versto\u00dfen, k\u00f6nnen wir daf\u00fcr belangt  werden, weshalb wir ein Interesse an der Identit\u00e4t des Kommentar- bzw.  Beitragsautors haben. Die vom Browser \u00fcbermittelte IP-Adresse des Nutzers wird nicht mit anderen von Google gespeicherten Daten kombiniert. <br><strong>Nutzung von Social-Media-Plugins von Facebook<br><\/strong>In Verbindung mit dieser Website nutzen wir keine Social-Media-Plugins.<br> <strong>Rechte des Nutzers<br><\/strong>Sie haben als Nutzer das Recht, auf Antrag eine  kostenlose Auskunft dar\u00fcber zu erhalten, welche personenbezogenen Daten  \u00fcber Sie gespeichert wurden. Sie haben au\u00dferdem das Recht auf  Berichtigung falscher Daten und auf die Verarbeitungseinschr\u00e4nkung oder  L\u00f6schung Ihrer personenbezogenen Daten. Falls zutreffend, k\u00f6nnen Sie  auch Ihr Recht auf Datenportabilit\u00e4t geltend machen. Sollten Sie  annehmen, dass Ihre Daten unrechtm\u00e4\u00dfig verarbeitet wurden, k\u00f6nnen Sie  eine Beschwerde bei der zust\u00e4ndigen Aufsichtsbeh\u00f6rde einreichen. <br><strong>L\u00f6schung von Daten<\/strong><br>Sofern Ihr Wunsch nicht mit einer gesetzlichen Pflicht zur  Aufbewahrung von Daten (z. B. Vorratsdatenspeicherung) kollidiert, haben  Sie ein Anrecht auf L\u00f6schung Ihrer Daten. Von uns gespeicherte Daten  werden, sollten sie f\u00fcr ihre Zweckbestimmung nicht mehr vonn\u00f6ten sein  und es keine gesetzlichen Aufbewahrungsfristen geben, gel\u00f6scht. Falls  eine L\u00f6schung nicht durchgef\u00fchrt werden kann, da die Daten f\u00fcr zul\u00e4ssige  gesetzliche Zwecke erforderlich sind, erfolgt eine Einschr\u00e4nkung der  Datenverarbeitung. In diesem Fall werden die Daten gesperrt und nicht  f\u00fcr andere Zwecke verarbeitet.<br><strong>Widerspruchsrecht<\/strong><br>Nutzer dieser Webseite k\u00f6nnen von ihrem  Widerspruchsrecht Gebrauch machen und der Verarbeitung ihrer  personenbezogenen Daten zu jeder Zeit widersprechen. Wenn Sie eine Berichtigung, Sperrung, L\u00f6schung oder Auskunft \u00fcber  die zu Ihrer Person gespeicherten personenbezogenen Daten w\u00fcnschen oder  Fragen bzgl. der Erhebung, Verarbeitung oder Verwendung Ihrer  personenbezogenen Daten haben oder erteilte Einwilligungen widerrufen  m\u00f6chten, wenden Sie sich bitte an folgende E-Mail-Adresse:  [DL8FBT(ett)OV-F32.de]<\/td><\/tr><\/tbody><\/table><\/figure>\n\n\n\n<figure class=\"wp-block-table\"><table class=\"\"><tbody><tr><td>Fragen oder Kommentare zu dieser Webseite an: DL8FBT(ett)OV-F32.de<a href=\"mailto:DL8FBT@OV-F32.de\"> <\/a>Horst Riemenschneider (DL8FBT) 36199 Rotenburg, N\u00fcrnbergerstr. 108<\/td><\/tr><\/tbody><\/table><\/figure>\n\n\n\n<p><\/p>\n","protected":false},"excerpt":{"rendered":"<p>Grundlegendes Diese Datenschutzerkl\u00e4rung soll die Nutzer dieser Website \u00fcber die Art, den Umfang und den Zweck der Erhebung und Verwendung personenbezogener Daten durch den Websitebetreiber OV-F32 (Kontakt: DL8FBT(ett)OV-F32.de) informieren. Der Websitebetreiber nimmt Ihren Datenschutz sehr ernst und behandelt Ihre personenbezogenen &hellip; <a href=\"https:\/\/ov-f32.de\/?page_id=84\">Weiterlesen <span class=\"meta-nav\">&rarr;<\/span><\/a><\/p>\n","protected":false},"author":1,"featured_media":0,"parent":0,"menu_order":0,"comment_status":"closed","ping_status":"closed","template":"","meta":{"iawp_total_views":14,"footnotes":""},"class_list":["post-84","page","type-page","status-publish","hentry"],"_links":{"self":[{"href":"https:\/\/ov-f32.de\/index.php?rest_route=\/wp\/v2\/pages\/84","targetHints":{"allow":["GET"]}}],"collection":[{"href":"https:\/\/ov-f32.de\/index.php?rest_route=\/wp\/v2\/pages"}],"about":[{"href":"https:\/\/ov-f32.de\/index.php?rest_route=\/wp\/v2\/types\/page"}],"author":[{"embeddable":true,"href":"https:\/\/ov-f32.de\/index.php?rest_route=\/wp\/v2\/users\/1"}],"replies":[{"embeddable":true,"href":"https:\/\/ov-f32.de\/index.php?rest_route=%2Fwp%2Fv2%2Fcomments&post=84"}],"version-history":[{"count":6,"href":"https:\/\/ov-f32.de\/index.php?rest_route=\/wp\/v2\/pages\/84\/revisions"}],"predecessor-version":[{"id":127,"href":"https:\/\/ov-f32.de\/index.php?rest_route=\/wp\/v2\/pages\/84\/revisions\/127"}],"wp:attachment":[{"href":"https:\/\/ov-f32.de\/index.php?rest_route=%2Fwp%2Fv2%2Fmedia&parent=84"}],"curies":[{"name":"wp","href":"https:\/\/api.w.org\/{rel}","templated":true}]}}