{"id":86,"date":"2020-01-16T19:15:28","date_gmt":"2020-01-16T19:15:28","guid":{"rendered":"http:\/\/ov-f32.de\/?page_id=86"},"modified":"2020-01-17T18:35:44","modified_gmt":"2020-01-17T18:35:44","slug":"impressum","status":"publish","type":"page","link":"https:\/\/ov-f32.de\/?page_id=86","title":{"rendered":"Impressum"},"content":{"rendered":"\n<p>Haftungsausschluss <br><\/p>\n\n\n\n<p>1. Inhalt des Onlineangebotes<br>Der Autor \u00fcbernimmt keinerlei Gew\u00e4hr f\u00fcr die Aktualit\u00e4t, Korrektheit, Vollst\u00e4ndigkeit oder Qualit\u00e4t der bereitgestellten  Informationen.     Haftungsanspr\u00fcche gegen den Autor, welche sich auf  Sch\u00e4den materieller     oder ideeller Art beziehen, die durch die  Nutzung oder Nichtnutzung der dargebotenen Informationen bzw. durch  die Nutzung fehlerhafter und unvollst\u00e4ndiger Informationen verursacht wurden sind grunds\u00e4tzlich ausgeschlossen, sofern seitens des Autors kein nachweislich vors\u00e4tzliches oder grob fahrl\u00e4ssiges  Verschulden vorliegt. Alle Angebote sind freibleibend und unverbindlich. Der Autor  beh\u00e4lt es sich ausdr\u00fccklich vor, Teile der Seiten oder das gesamte  Angebot ohne gesonderte Ank\u00fcndigung zu ver\u00e4ndern, zu erg\u00e4nzen, zu  l\u00f6schen oder die Ver\u00f6ffentlichung zeitweise oder endg\u00fcltig  einzustellen.<\/p>\n\n\n\n<p>2. Verweise und Links<br>Bei direkten oder indirekten Verweisen auf fremde Internetseiten  (&#8222;Links&#8220;),     die au\u00dferhalb des Verantwortungsbereiches des Autors  liegen, w\u00fcrde     eine Haftungsverpflichtung ausschlie\u00dflich in dem Fall  in Kraft treten, in dem der Autor von den Inhalten Kenntnis hat und  es ihm technisch m\u00f6glich und zumutbar w\u00e4re, die Nutzung im Falle  rechtswidriger Inhalte zu verhindern. Der Autor erkl\u00e4rt daher ausdr\u00fccklich, dass zum Zeitpunkt der  Linksetzung die entsprechenden verlinkten Seiten frei von illegalen  Inhalten waren. Der Autor hat keinerlei Einfluss auf die aktuelle und zuk\u00fcnftige Gestaltung und auf die Inhalte der  gelinkten\/verkn\u00fcpften Seiten. Deshalb distanziert er sich hiermit ausdr\u00fccklich von allen Inhalten aller gelinkten \/verkn\u00fcpften Seiten,  die nach der Linksetzung ver\u00e4ndert wurden. Diese Feststellung gilt f\u00fcr alle innerhalb des eigenen Internetangebotes gesetzten Links und  Verweise sowie f\u00fcr Fremdeintr\u00e4ge in vom Autor eingerichteten  G\u00e4steb\u00fcchern, Diskussionsforen und Mailinglisten. F\u00fcr illegale,  fehlerhafte oder unvollst\u00e4ndige Inhalte und insbesondere f\u00fcr  Sch\u00e4den, die aus der Nutzung oder Nichtnutzung solcherart  dargebotener Informationen entstehen, haftet allein der Anbieter der  Seite, auf welche verwiesen wurde, nicht derjenige, der \u00fcber Links auf die jeweilige Ver\u00f6ffentlichung lediglich verweist.<br><br>3. Urheber- und Kennzeichenrecht<br> Der Autor ist bestrebt, in allen Publikationen die Urheberrechte  der verwendeten Grafiken, Tondokumente, Videosequenzen und Texte zu  beachten, von ihm selbst erstellte Grafiken, Tondokumente,  Videosequenzen und Texte zu nutzen oder auf lizenzfreie Grafiken,  Tondokumente, Videosequenzen und Texte zur\u00fcckzugreifen.<br>Alle innerhalb des Internetangebotes genannten und ggf. durch  Dritte gesch\u00fctzten Marken- und Warenzeichen unterliegen  uneingeschr\u00e4nkt den Bestimmungen des jeweils g\u00fcltigen  Kennzeichenrechts und den Besitzrechten der jeweiligen eingetragenen  Eigent\u00fcmer. Allein aufgrund der blo\u00dfen Nennung ist nicht der Schlu\u00df  zu ziehen, dass Markenzeichen nicht durch Rechte Dritter  gesch\u00fctzt  sind! Das Copyright f\u00fcr ver\u00f6ffentlichte, vom Autor selbst erstellte  Objekte bleibt allein beim Autor der Seiten. Eine Vervielf\u00e4ltigung  oder Verwendung solcher Grafiken, Tondokumente, Videosequenzen und  Texte in anderen elektronischen     oder gedruckten Publikationen ist  ohne ausdr\u00fcckliche Zustimmung des Autors  nicht gestattet.<br><br>4. Rechtswirksamkeit dieses Haftungsausschlusses<br>Dieser Haftungsausschluss ist als Teil des Internetangebotes zu  betrachten,     von dem aus auf diesen Seiten verwiesen wurde. Sofern Teile oder einzelne Formulierungen dieses Textes der geltenden Rechtslage nicht, nicht mehr oder nicht vollst\u00e4ndig entsprechen  sollten, bleiben die \u00fcbrigen Teile des Dokumentes in ihrem Inhalt  und ihrer G\u00fcltigkeit davon unber\u00fchrt.<br>Datenschutz &#8211;  Diese Webseiten speichert keine personenbezogenen Daten.<\/p>\n\n\n\n<p>Fragen oder Kommentare zu dieser Webseite an: DL8FBT(ett)OV-F32.de     <br>Horst Riemenschneider (DL8FBT) 36199 Rotenburg, N\u00fcrnbergerstr. 108 <\/p>\n\n\n\n<p><\/p>\n\n\n\n<p><\/p>\n\n\n\n<p><\/p>\n","protected":false},"excerpt":{"rendered":"<p>Haftungsausschluss 1. Inhalt des OnlineangebotesDer Autor \u00fcbernimmt keinerlei Gew\u00e4hr f\u00fcr die Aktualit\u00e4t, Korrektheit, Vollst\u00e4ndigkeit oder Qualit\u00e4t der bereitgestellten Informationen. Haftungsanspr\u00fcche gegen den Autor, welche sich auf Sch\u00e4den materieller oder ideeller Art beziehen, die durch die Nutzung oder Nichtnutzung der dargebotenen &hellip; <a href=\"https:\/\/ov-f32.de\/?page_id=86\">Weiterlesen <span class=\"meta-nav\">&rarr;<\/span><\/a><\/p>\n","protected":false},"author":1,"featured_media":0,"parent":0,"menu_order":0,"comment_status":"closed","ping_status":"closed","template":"","meta":{"iawp_total_views":56,"footnotes":""},"class_list":["post-86","page","type-page","status-publish","hentry"],"_links":{"self":[{"href":"https:\/\/ov-f32.de\/index.php?rest_route=\/wp\/v2\/pages\/86","targetHints":{"allow":["GET"]}}],"collection":[{"href":"https:\/\/ov-f32.de\/index.php?rest_route=\/wp\/v2\/pages"}],"about":[{"href":"https:\/\/ov-f32.de\/index.php?rest_route=\/wp\/v2\/types\/page"}],"author":[{"embeddable":true,"href":"https:\/\/ov-f32.de\/index.php?rest_route=\/wp\/v2\/users\/1"}],"replies":[{"embeddable":true,"href":"https:\/\/ov-f32.de\/index.php?rest_route=%2Fwp%2Fv2%2Fcomments&post=86"}],"version-history":[{"count":10,"href":"https:\/\/ov-f32.de\/index.php?rest_route=\/wp\/v2\/pages\/86\/revisions"}],"predecessor-version":[{"id":125,"href":"https:\/\/ov-f32.de\/index.php?rest_route=\/wp\/v2\/pages\/86\/revisions\/125"}],"wp:attachment":[{"href":"https:\/\/ov-f32.de\/index.php?rest_route=%2Fwp%2Fv2%2Fmedia&parent=86"}],"curies":[{"name":"wp","href":"https:\/\/api.w.org\/{rel}","templated":true}]}}